{"id":766,"date":"2022-03-13T04:31:28","date_gmt":"2022-03-13T03:31:28","guid":{"rendered":"http:\/\/5.196.224.203\/?page_id=766"},"modified":"2025-06-18T18:48:36","modified_gmt":"2025-06-18T16:48:36","slug":"adhesion","status":"publish","type":"page","link":"http:\/\/5.196.224.203\/index.php\/adhesion\/","title":{"rendered":"Adh\u00e9sion"},"content":{"rendered":"\t\t<div data-elementor-type=\"wp-page\" data-elementor-id=\"766\" class=\"elementor elementor-766\">\n\t\t\t\t\t\t\t\t\t<section class=\"elementor-section elementor-top-section elementor-element elementor-element-58b6793 elementor-section-boxed elementor-section-height-default elementor-section-height-default\" data-id=\"58b6793\" data-element_type=\"section\">\n\t\t\t\t\t\t<div class=\"elementor-container elementor-column-gap-default\">\n\t\t\t\t\t<div class=\"elementor-column elementor-col-100 elementor-top-column elementor-element elementor-element-4527e62\" data-id=\"4527e62\" data-element_type=\"column\">\n\t\t\t<div class=\"elementor-widget-wrap elementor-element-populated\">\n\t\t\t\t\t\t\t\t<div class=\"elementor-element elementor-element-37f3fc7 elementor-widget elementor-widget-heading\" data-id=\"37f3fc7\" data-element_type=\"widget\" data-widget_type=\"heading.default\">\n\t\t\t\t<div class=\"elementor-widget-container\">\n\t\t\t<style>\/*! elementor - v3.10.1 - 17-01-2023 *\/\n.elementor-heading-title{padding:0;margin:0;line-height:1}.elementor-widget-heading .elementor-heading-title[class*=elementor-size-]>a{color:inherit;font-size:inherit;line-height:inherit}.elementor-widget-heading .elementor-heading-title.elementor-size-small{font-size:15px}.elementor-widget-heading .elementor-heading-title.elementor-size-medium{font-size:19px}.elementor-widget-heading .elementor-heading-title.elementor-size-large{font-size:29px}.elementor-widget-heading .elementor-heading-title.elementor-size-xl{font-size:39px}.elementor-widget-heading .elementor-heading-title.elementor-size-xxl{font-size:59px}<\/style><h2 class=\"elementor-heading-title elementor-size-default\">\u00catre membre de l'association<\/h2>\t\t<\/div>\n\t\t\t\t<\/div>\n\t\t\t\t<div class=\"elementor-element elementor-element-dd8ca2f elementor-widget elementor-widget-text-editor\" data-id=\"dd8ca2f\" data-element_type=\"widget\" data-widget_type=\"text-editor.default\">\n\t\t\t\t<div class=\"elementor-widget-container\">\n\t\t\t<style>\/*! elementor - v3.10.1 - 17-01-2023 *\/\n.elementor-widget-text-editor.elementor-drop-cap-view-stacked .elementor-drop-cap{background-color:#818a91;color:#fff}.elementor-widget-text-editor.elementor-drop-cap-view-framed .elementor-drop-cap{color:#818a91;border:3px solid;background-color:transparent}.elementor-widget-text-editor:not(.elementor-drop-cap-view-default) .elementor-drop-cap{margin-top:8px}.elementor-widget-text-editor:not(.elementor-drop-cap-view-default) .elementor-drop-cap-letter{width:1em;height:1em}.elementor-widget-text-editor .elementor-drop-cap{float:left;text-align:center;line-height:1;font-size:50px}.elementor-widget-text-editor .elementor-drop-cap-letter{display:inline-block}<\/style>\t\t\t\t<p><span dir=\"ltr\" role=\"presentation\">\u00catre membre de l&rsquo;association permet\u00a0<\/span><span dir=\"ltr\" role=\"presentation\">de<\/span> <span dir=\"ltr\" role=\"presentation\">participer aux animations sp\u00e9cialement organis\u00e9es par N\u00e9m\u00e9sis <\/span><span dir=\"ltr\" role=\"presentation\">pour ses adh\u00e9rents<\/span> <span dir=\"ltr\" role=\"presentation\">et de soutenir le jeu de r\u00f4le sur Clermont-Ferrand.<br \/><\/span><br role=\"presentation\" \/><span dir=\"ltr\" role=\"presentation\">De plus, N\u00e9m\u00e9sis met \u00e0 disposition de ses membres une<\/span> <span dir=\"ltr\" role=\"presentation\">ludoth\u00e8que de jeux de r\u00f4le<\/span> <span dir=\"ltr\" role=\"presentation\">bien remplie. <\/span><span dir=\"ltr\" role=\"presentation\">On peut y trouver toutes sortes de livres et de suppl\u00e9ments pour de grands classiques comme <\/span><span dir=\"ltr\" role=\"presentation\">Donjons et Dragons, Warhammer, l\u2019Appel de Cthulhu, Vampire ou Ars Magica, ainsi que des jeux<\/span><br role=\"presentation\" \/><span dir=\"ltr\" role=\"presentation\">plus originaux, tels que Mal\u00e9fices, Teocali ou encore Brain Soda. <\/span><br \/><br role=\"presentation\" \/><span dir=\"ltr\" role=\"presentation\">Les membres de l&rsquo;association peuvent consulter et emprunter* les ouvrages et jeux de la ludoth\u00e8que<\/span><\/p>\t\t\t\t\t\t<\/div>\n\t\t\t\t<\/div>\n\t\t\t\t<div class=\"elementor-element elementor-element-b3fd9cd elementor-widget elementor-widget-text-editor\" data-id=\"b3fd9cd\" data-element_type=\"widget\" data-widget_type=\"text-editor.default\">\n\t\t\t\t<div class=\"elementor-widget-container\">\n\t\t\t\t\t\t\t<p><span dir=\"ltr\" role=\"presentation\">* voir modalit\u00e9s aupr\u00e8s de notre ludoth\u00e9caire<\/span><\/p>\t\t\t\t\t\t<\/div>\n\t\t\t\t<\/div>\n\t\t\t\t\t<\/div>\n\t\t<\/div>\n\t\t\t\t\t\t\t<\/div>\n\t\t<\/section>\n\t\t\t\t<section class=\"elementor-section elementor-top-section elementor-element elementor-element-f908af1 elementor-section-boxed elementor-section-height-default elementor-section-height-default\" data-id=\"f908af1\" data-element_type=\"section\">\n\t\t\t\t\t\t<div class=\"elementor-container elementor-column-gap-default\">\n\t\t\t\t\t<div class=\"elementor-column elementor-col-100 elementor-top-column elementor-element elementor-element-9750c9e\" data-id=\"9750c9e\" data-element_type=\"column\">\n\t\t\t<div class=\"elementor-widget-wrap elementor-element-populated\">\n\t\t\t\t\t\t\t\t<div class=\"elementor-element elementor-element-26a2e1b elementor-widget elementor-widget-spacer\" data-id=\"26a2e1b\" data-element_type=\"widget\" data-widget_type=\"spacer.default\">\n\t\t\t\t<div class=\"elementor-widget-container\">\n\t\t\t<style>\/*! elementor - v3.10.1 - 17-01-2023 *\/\n.elementor-column .elementor-spacer-inner{height:var(--spacer-size)}.e-con{--container-widget-width:100%}.e-con-inner>.elementor-widget-spacer,.e-con>.elementor-widget-spacer{width:var(--container-widget-width,var(--spacer-size));--align-self:var(--container-widget-align-self,initial);--flex-shrink:0}.e-con-inner>.elementor-widget-spacer>.elementor-widget-container,.e-con-inner>.elementor-widget-spacer>.elementor-widget-container>.elementor-spacer,.e-con>.elementor-widget-spacer>.elementor-widget-container,.e-con>.elementor-widget-spacer>.elementor-widget-container>.elementor-spacer{height:100%}.e-con-inner>.elementor-widget-spacer>.elementor-widget-container>.elementor-spacer>.elementor-spacer-inner,.e-con>.elementor-widget-spacer>.elementor-widget-container>.elementor-spacer>.elementor-spacer-inner{height:var(--container-widget-height,var(--spacer-size))}<\/style>\t\t<div class=\"elementor-spacer\">\n\t\t\t<div class=\"elementor-spacer-inner\"><\/div>\n\t\t<\/div>\n\t\t\t\t<\/div>\n\t\t\t\t<\/div>\n\t\t\t\t\t<\/div>\n\t\t<\/div>\n\t\t\t\t\t\t\t<\/div>\n\t\t<\/section>\n\t\t\t\t<section class=\"elementor-section elementor-top-section elementor-element elementor-element-ddf4c96 elementor-section-boxed elementor-section-height-default elementor-section-height-default\" data-id=\"ddf4c96\" data-element_type=\"section\">\n\t\t\t\t\t\t<div class=\"elementor-container elementor-column-gap-default\">\n\t\t\t\t\t<div class=\"elementor-column elementor-col-33 elementor-top-column elementor-element elementor-element-3f262f7\" data-id=\"3f262f7\" data-element_type=\"column\">\n\t\t\t<div class=\"elementor-widget-wrap elementor-element-populated\">\n\t\t\t\t\t\t\t\t<div class=\"elementor-element elementor-element-cca0ec0 elementor-view-default elementor-widget elementor-widget-icon\" data-id=\"cca0ec0\" data-element_type=\"widget\" data-widget_type=\"icon.default\">\n\t\t\t\t<div class=\"elementor-widget-container\">\n\t\t\t\t\t<div class=\"elementor-icon-wrapper\">\n\t\t\t<div class=\"elementor-icon\">\n\t\t\t<i aria-hidden=\"true\" class=\"icon icon-money1\"><\/i>\t\t\t<\/div>\n\t\t<\/div>\n\t\t\t\t<\/div>\n\t\t\t\t<\/div>\n\t\t\t\t<div class=\"elementor-element elementor-element-8b41f60 elementor-widget elementor-widget-heading\" data-id=\"8b41f60\" data-element_type=\"widget\" data-widget_type=\"heading.default\">\n\t\t\t\t<div class=\"elementor-widget-container\">\n\t\t\t<h3 class=\"elementor-heading-title elementor-size-default\">La cotisation<\/h3>\t\t<\/div>\n\t\t\t\t<\/div>\n\t\t\t\t<div class=\"elementor-element elementor-element-b28928a elementor-widget elementor-widget-text-editor\" data-id=\"b28928a\" data-element_type=\"widget\" data-widget_type=\"text-editor.default\">\n\t\t\t\t<div class=\"elementor-widget-container\">\n\t\t\t\t\t\t\t<p><span dir=\"ltr\" role=\"presentation\">Une cotisation de 10\u20ac par an est demand\u00e9e pour adh\u00e9rer \u00e0 l&rsquo;association. Cette somme nous permet <\/span><span dir=\"ltr\" role=\"presentation\">d\u2019\u00eatre assur\u00e9s lors de l\u2019utilisation du local comme durant les \u00e9v\u00e9nements que nous organisons, et <\/span><span dir=\"ltr\" role=\"presentation\">d&rsquo;\u00e9toffer toujours plus notre ludoth\u00e8que. Le montant de cette cotisation est r\u00e9vis\u00e9e chaque<\/span> <span dir=\"ltr\" role=\"presentation\">ann\u00e9e lors de l&rsquo;assembl\u00e9e g\u00e9n\u00e9rale pour r\u00e9pondre aux besoins de l\u2019association.<\/span><\/p>\t\t\t\t\t\t<\/div>\n\t\t\t\t<\/div>\n\t\t\t\t\t<\/div>\n\t\t<\/div>\n\t\t\t\t<div class=\"elementor-column elementor-col-33 elementor-top-column elementor-element elementor-element-0af04e1\" data-id=\"0af04e1\" data-element_type=\"column\">\n\t\t\t<div class=\"elementor-widget-wrap elementor-element-populated\">\n\t\t\t\t\t\t\t\t<div class=\"elementor-element elementor-element-7750ded elementor-widget elementor-widget-spacer\" data-id=\"7750ded\" data-element_type=\"widget\" data-widget_type=\"spacer.default\">\n\t\t\t\t<div class=\"elementor-widget-container\">\n\t\t\t\t\t<div class=\"elementor-spacer\">\n\t\t\t<div class=\"elementor-spacer-inner\"><\/div>\n\t\t<\/div>\n\t\t\t\t<\/div>\n\t\t\t\t<\/div>\n\t\t\t\t\t<\/div>\n\t\t<\/div>\n\t\t\t\t<div class=\"elementor-column elementor-col-33 elementor-top-column elementor-element elementor-element-49f8677\" data-id=\"49f8677\" data-element_type=\"column\">\n\t\t\t<div class=\"elementor-widget-wrap elementor-element-populated\">\n\t\t\t\t\t\t\t\t<div class=\"elementor-element elementor-element-5de878a elementor-view-default elementor-widget elementor-widget-icon\" data-id=\"5de878a\" data-element_type=\"widget\" data-widget_type=\"icon.default\">\n\t\t\t\t<div class=\"elementor-widget-container\">\n\t\t\t\t\t<div class=\"elementor-icon-wrapper\">\n\t\t\t<div class=\"elementor-icon\">\n\t\t\t<i aria-hidden=\"true\" class=\"icon icon-user1\"><\/i>\t\t\t<\/div>\n\t\t<\/div>\n\t\t\t\t<\/div>\n\t\t\t\t<\/div>\n\t\t\t\t<div class=\"elementor-element elementor-element-73737b0 elementor-widget elementor-widget-heading\" data-id=\"73737b0\" data-element_type=\"widget\" data-widget_type=\"heading.default\">\n\t\t\t\t<div class=\"elementor-widget-container\">\n\t\t\t<h3 class=\"elementor-heading-title elementor-size-default\">Les conditions pour \u00eatre membre<\/h3>\t\t<\/div>\n\t\t\t\t<\/div>\n\t\t\t\t<div class=\"elementor-element elementor-element-46a6fd1 elementor-widget elementor-widget-text-editor\" data-id=\"46a6fd1\" data-element_type=\"widget\" data-widget_type=\"text-editor.default\">\n\t\t\t\t<div class=\"elementor-widget-container\">\n\t\t\t\t\t\t\t<div>\n<p>&#8211; Verser la cotisation annuelle<\/p><\/div>\n<div>&#8211; S&rsquo;engager \u00e0 respecter le r\u00e8glement int\u00e9rieur et les statuts de l&rsquo;association<\/div><div>&#8211; Remplir la fiche d&rsquo;adh\u00e9sion mise \u00e0 disposition<\/div>\t\t\t\t\t\t<\/div>\n\t\t\t\t<\/div>\n\t\t\t\t\t<\/div>\n\t\t<\/div>\n\t\t\t\t\t\t\t<\/div>\n\t\t<\/section>\n\t\t\t\t\t\t\t<\/div>\n\t\t","protected":false},"excerpt":{"rendered":"<p>\u00catre membre de l&rsquo;association \u00catre membre de l&rsquo;association permet\u00a0de participer aux animations sp\u00e9cialement organis\u00e9es par N\u00e9m\u00e9sis pour ses adh\u00e9rents et<span class=\"more-dots\">&#8230;<\/span> <span class=\"more-tag d-block mt-15\"><a class=\"more-link wp-block-button__link icon-inline\" href=\"http:\/\/5.196.224.203\/index.php\/adhesion\/\">Continue Reading...<span class=\"screen-reader-text\"> \"Adh\u00e9sion\"<\/span><\/a><\/span><!-- .more-tag --><\/p>\n","protected":false},"author":1,"featured_media":0,"parent":0,"menu_order":0,"comment_status":"closed","ping_status":"closed","template":"","meta":{"inline_featured_image":false,"footnotes":""},"class_list":["post-766","page","type-page","status-publish","hentry","no-post-thumbnail"],"_links":{"self":[{"href":"http:\/\/5.196.224.203\/index.php\/wp-json\/wp\/v2\/pages\/766","targetHints":{"allow":["GET"]}}],"collection":[{"href":"http:\/\/5.196.224.203\/index.php\/wp-json\/wp\/v2\/pages"}],"about":[{"href":"http:\/\/5.196.224.203\/index.php\/wp-json\/wp\/v2\/types\/page"}],"author":[{"embeddable":true,"href":"http:\/\/5.196.224.203\/index.php\/wp-json\/wp\/v2\/users\/1"}],"replies":[{"embeddable":true,"href":"http:\/\/5.196.224.203\/index.php\/wp-json\/wp\/v2\/comments?post=766"}],"version-history":[{"count":10,"href":"http:\/\/5.196.224.203\/index.php\/wp-json\/wp\/v2\/pages\/766\/revisions"}],"predecessor-version":[{"id":1270,"href":"http:\/\/5.196.224.203\/index.php\/wp-json\/wp\/v2\/pages\/766\/revisions\/1270"}],"wp:attachment":[{"href":"http:\/\/5.196.224.203\/index.php\/wp-json\/wp\/v2\/media?parent=766"}],"curies":[{"name":"wp","href":"https:\/\/api.w.org\/{rel}","templated":true}]}}