{"id":113,"date":"2022-02-25T11:32:42","date_gmt":"2022-02-25T10:32:42","guid":{"rendered":"http:\/\/5.196.224.203\/?page_id=113"},"modified":"2022-03-18T00:21:15","modified_gmt":"2022-03-17T23:21:15","slug":"lassociation","status":"publish","type":"page","link":"http:\/\/5.196.224.203\/index.php\/lassociation\/","title":{"rendered":"\u00c0 propos"},"content":{"rendered":"\t\t<div data-elementor-type=\"wp-page\" data-elementor-id=\"113\" class=\"elementor elementor-113\">\n\t\t\t\t\t\t\t\t\t<section class=\"elementor-section elementor-top-section elementor-element elementor-element-7c670c0 elementor-section-boxed elementor-section-height-default elementor-section-height-default\" data-id=\"7c670c0\" data-element_type=\"section\">\n\t\t\t\t\t\t<div class=\"elementor-container elementor-column-gap-default\">\n\t\t\t\t\t<div class=\"elementor-column elementor-col-100 elementor-top-column elementor-element elementor-element-9d501da\" data-id=\"9d501da\" data-element_type=\"column\">\n\t\t\t<div class=\"elementor-widget-wrap elementor-element-populated\">\n\t\t\t\t\t\t\t\t<div class=\"elementor-element elementor-element-1d1d2e7 elementor-widget elementor-widget-text-editor\" data-id=\"1d1d2e7\" data-element_type=\"widget\" data-widget_type=\"text-editor.default\">\n\t\t\t\t<div class=\"elementor-widget-container\">\n\t\t\t<style>\/*! elementor - v3.10.1 - 17-01-2023 *\/\n.elementor-widget-text-editor.elementor-drop-cap-view-stacked .elementor-drop-cap{background-color:#818a91;color:#fff}.elementor-widget-text-editor.elementor-drop-cap-view-framed .elementor-drop-cap{color:#818a91;border:3px solid;background-color:transparent}.elementor-widget-text-editor:not(.elementor-drop-cap-view-default) .elementor-drop-cap{margin-top:8px}.elementor-widget-text-editor:not(.elementor-drop-cap-view-default) .elementor-drop-cap-letter{width:1em;height:1em}.elementor-widget-text-editor .elementor-drop-cap{float:left;text-align:center;line-height:1;font-size:50px}.elementor-widget-text-editor .elementor-drop-cap-letter{display:inline-block}<\/style>\t\t\t\t<div data-id=\"47a621ef\" data-element_type=\"widget\" data-widget_type=\"text-editor.default\">\n<div>\n<div>\n<p><strong>N\u00e9m\u00e9sis est une association loi 1901<\/strong>, \u00e0 but non lucratif,&nbsp;fond\u00e9e 1991<\/p>\n<p>Elle promeut la pratique du <strong>jeu de r\u00f4le <\/strong>comme activit\u00e9 ludique et divertissante pour les joueurs d\u00e9butants et chevronn\u00e9s. Par son activit\u00e9, elle montre que le jeu de r\u00f4le est accessible \u00e0 tous et peut un vecteur d&rsquo;exp\u00e9riences cr\u00e9atives et sociales.<br><\/p>\n<\/div>\n<\/div>\n<\/div>\t\t\t\t\t\t<\/div>\n\t\t\t\t<\/div>\n\t\t\t\t\t<\/div>\n\t\t<\/div>\n\t\t\t\t\t\t\t<\/div>\n\t\t<\/section>\n\t\t\t\t<section class=\"elementor-section elementor-top-section elementor-element elementor-element-482c64b elementor-section-boxed elementor-section-height-default elementor-section-height-default\" data-id=\"482c64b\" data-element_type=\"section\">\n\t\t\t\t\t\t<div class=\"elementor-container elementor-column-gap-default\">\n\t\t\t\t\t<div class=\"elementor-column elementor-col-100 elementor-top-column elementor-element elementor-element-683c5af\" data-id=\"683c5af\" data-element_type=\"column\">\n\t\t\t<div class=\"elementor-widget-wrap elementor-element-populated\">\n\t\t\t\t\t\t\t\t<div class=\"elementor-element elementor-element-737f978 elementor-widget elementor-widget-spacer\" data-id=\"737f978\" data-element_type=\"widget\" data-widget_type=\"spacer.default\">\n\t\t\t\t<div class=\"elementor-widget-container\">\n\t\t\t<style>\/*! elementor - v3.10.1 - 17-01-2023 *\/\n.elementor-column .elementor-spacer-inner{height:var(--spacer-size)}.e-con{--container-widget-width:100%}.e-con-inner>.elementor-widget-spacer,.e-con>.elementor-widget-spacer{width:var(--container-widget-width,var(--spacer-size));--align-self:var(--container-widget-align-self,initial);--flex-shrink:0}.e-con-inner>.elementor-widget-spacer>.elementor-widget-container,.e-con-inner>.elementor-widget-spacer>.elementor-widget-container>.elementor-spacer,.e-con>.elementor-widget-spacer>.elementor-widget-container,.e-con>.elementor-widget-spacer>.elementor-widget-container>.elementor-spacer{height:100%}.e-con-inner>.elementor-widget-spacer>.elementor-widget-container>.elementor-spacer>.elementor-spacer-inner,.e-con>.elementor-widget-spacer>.elementor-widget-container>.elementor-spacer>.elementor-spacer-inner{height:var(--container-widget-height,var(--spacer-size))}<\/style>\t\t<div class=\"elementor-spacer\">\n\t\t\t<div class=\"elementor-spacer-inner\"><\/div>\n\t\t<\/div>\n\t\t\t\t<\/div>\n\t\t\t\t<\/div>\n\t\t\t\t\t<\/div>\n\t\t<\/div>\n\t\t\t\t\t\t\t<\/div>\n\t\t<\/section>\n\t\t\t\t<section class=\"elementor-section elementor-top-section elementor-element elementor-element-57042f3 elementor-section-boxed elementor-section-height-default elementor-section-height-default\" data-id=\"57042f3\" data-element_type=\"section\">\n\t\t\t\t\t\t<div class=\"elementor-container elementor-column-gap-default\">\n\t\t\t\t\t<div class=\"elementor-column elementor-col-25 elementor-top-column elementor-element elementor-element-3e8029b\" data-id=\"3e8029b\" data-element_type=\"column\">\n\t\t\t<div class=\"elementor-widget-wrap elementor-element-populated\">\n\t\t\t\t\t\t\t\t<div class=\"elementor-element elementor-element-106f175 elementor-widget elementor-widget-image\" data-id=\"106f175\" data-element_type=\"widget\" data-widget_type=\"image.default\">\n\t\t\t\t<div class=\"elementor-widget-container\">\n\t\t\t<style>\/*! elementor - v3.10.1 - 17-01-2023 *\/\n.elementor-widget-image{text-align:center}.elementor-widget-image a{display:inline-block}.elementor-widget-image a img[src$=\".svg\"]{width:48px}.elementor-widget-image img{vertical-align:middle;display:inline-block}<\/style>\t\t\t\t\t\t\t\t\t\t\t\t\t<a href=\"http:\/\/5.196.224.203\/index.php\/presentation-de-nemesis\/\">\n\t\t\t\t\t\t\t<img loading=\"lazy\" decoding=\"async\" width=\"359\" height=\"144\" src=\"http:\/\/5.196.224.203\/wp-content\/uploads\/2022\/03\/Projet-associatif-09.png\" class=\"elementor-animation-shrink attachment-full size-full wp-image-819\" alt=\"\" \/>\t\t\t\t\t\t\t\t<\/a>\n\t\t\t\t\t\t\t\t\t\t\t\t\t\t\t<\/div>\n\t\t\t\t<\/div>\n\t\t\t\t\t<\/div>\n\t\t<\/div>\n\t\t\t\t<div class=\"elementor-column elementor-col-25 elementor-top-column elementor-element elementor-element-864acfc\" data-id=\"864acfc\" data-element_type=\"column\">\n\t\t\t<div class=\"elementor-widget-wrap elementor-element-populated\">\n\t\t\t\t\t\t\t\t<div class=\"elementor-element elementor-element-eb3b04e elementor-widget elementor-widget-image\" data-id=\"eb3b04e\" data-element_type=\"widget\" data-widget_type=\"image.default\">\n\t\t\t\t<div class=\"elementor-widget-container\">\n\t\t\t\t\t\t\t\t\t\t\t\t\t\t\t\t<a href=\"http:\/\/5.196.224.203\/index.php\/adhesion\/\">\n\t\t\t\t\t\t\t<img loading=\"lazy\" decoding=\"async\" width=\"359\" height=\"144\" src=\"http:\/\/5.196.224.203\/wp-content\/uploads\/2022\/03\/Adhesion-09.png\" class=\"elementor-animation-shrink attachment-full size-full wp-image-820\" alt=\"\" \/>\t\t\t\t\t\t\t\t<\/a>\n\t\t\t\t\t\t\t\t\t\t\t\t\t\t\t<\/div>\n\t\t\t\t<\/div>\n\t\t\t\t\t<\/div>\n\t\t<\/div>\n\t\t\t\t<div class=\"elementor-column elementor-col-25 elementor-top-column elementor-element elementor-element-ec29cd0\" data-id=\"ec29cd0\" data-element_type=\"column\">\n\t\t\t<div class=\"elementor-widget-wrap elementor-element-populated\">\n\t\t\t\t\t\t\t\t<div class=\"elementor-element elementor-element-d4a9c66 elementor-widget elementor-widget-image\" data-id=\"d4a9c66\" data-element_type=\"widget\" data-widget_type=\"image.default\">\n\t\t\t\t<div class=\"elementor-widget-container\">\n\t\t\t\t\t\t\t\t\t\t\t\t\t\t\t\t<a href=\"http:\/\/5.196.224.203\/index.php\/reglement-interieur\/\">\n\t\t\t\t\t\t\t<img loading=\"lazy\" decoding=\"async\" width=\"359\" height=\"144\" src=\"http:\/\/5.196.224.203\/wp-content\/uploads\/2022\/03\/Reglement-interieur-09.png\" class=\"elementor-animation-shrink attachment-full size-full wp-image-821\" alt=\"\" \/>\t\t\t\t\t\t\t\t<\/a>\n\t\t\t\t\t\t\t\t\t\t\t\t\t\t\t<\/div>\n\t\t\t\t<\/div>\n\t\t\t\t\t<\/div>\n\t\t<\/div>\n\t\t\t\t<div class=\"elementor-column elementor-col-25 elementor-top-column elementor-element elementor-element-4c6aae3\" data-id=\"4c6aae3\" data-element_type=\"column\">\n\t\t\t<div class=\"elementor-widget-wrap elementor-element-populated\">\n\t\t\t\t\t\t\t\t<div class=\"elementor-element elementor-element-54e22c2 elementor-widget elementor-widget-image\" data-id=\"54e22c2\" data-element_type=\"widget\" data-widget_type=\"image.default\">\n\t\t\t\t<div class=\"elementor-widget-container\">\n\t\t\t\t\t\t\t\t\t\t\t\t\t\t\t\t<a href=\"http:\/\/5.196.224.203\/index.php\/statuts-de-lassociation\/\">\n\t\t\t\t\t\t\t<img loading=\"lazy\" decoding=\"async\" width=\"359\" height=\"144\" src=\"http:\/\/5.196.224.203\/wp-content\/uploads\/2022\/03\/Statuts-09.png\" class=\"elementor-animation-shrink attachment-full size-full wp-image-822\" alt=\"\" \/>\t\t\t\t\t\t\t\t<\/a>\n\t\t\t\t\t\t\t\t\t\t\t\t\t\t\t<\/div>\n\t\t\t\t<\/div>\n\t\t\t\t\t<\/div>\n\t\t<\/div>\n\t\t\t\t\t\t\t<\/div>\n\t\t<\/section>\n\t\t\t\t\t\t\t<\/div>\n\t\t","protected":false},"excerpt":{"rendered":"<p>N\u00e9m\u00e9sis est une association loi 1901, \u00e0 but non lucratif,&nbsp;fond\u00e9e 1991 Elle promeut la pratique du jeu de r\u00f4le comme<span class=\"more-dots\">&#8230;<\/span> <span class=\"more-tag d-block mt-15\"><a class=\"more-link wp-block-button__link icon-inline\" href=\"http:\/\/5.196.224.203\/index.php\/lassociation\/\">Continue Reading...<span class=\"screen-reader-text\"> \"\u00c0 propos\"<\/span><\/a><\/span><!-- .more-tag --><\/p>\n","protected":false},"author":1,"featured_media":0,"parent":0,"menu_order":0,"comment_status":"closed","ping_status":"closed","template":"","meta":{"inline_featured_image":false,"footnotes":""},"class_list":["post-113","page","type-page","status-publish","hentry","no-post-thumbnail"],"_links":{"self":[{"href":"http:\/\/5.196.224.203\/index.php\/wp-json\/wp\/v2\/pages\/113","targetHints":{"allow":["GET"]}}],"collection":[{"href":"http:\/\/5.196.224.203\/index.php\/wp-json\/wp\/v2\/pages"}],"about":[{"href":"http:\/\/5.196.224.203\/index.php\/wp-json\/wp\/v2\/types\/page"}],"author":[{"embeddable":true,"href":"http:\/\/5.196.224.203\/index.php\/wp-json\/wp\/v2\/users\/1"}],"replies":[{"embeddable":true,"href":"http:\/\/5.196.224.203\/index.php\/wp-json\/wp\/v2\/comments?post=113"}],"version-history":[{"count":44,"href":"http:\/\/5.196.224.203\/index.php\/wp-json\/wp\/v2\/pages\/113\/revisions"}],"predecessor-version":[{"id":1063,"href":"http:\/\/5.196.224.203\/index.php\/wp-json\/wp\/v2\/pages\/113\/revisions\/1063"}],"wp:attachment":[{"href":"http:\/\/5.196.224.203\/index.php\/wp-json\/wp\/v2\/media?parent=113"}],"curies":[{"name":"wp","href":"https:\/\/api.w.org\/{rel}","templated":true}]}}